{"id":12,"date":"2016-06-15T08:38:19","date_gmt":"2016-06-15T05:38:19","guid":{"rendered":"http:\/\/harjula.web38.neutech.fi\/cms\/?page_id=12"},"modified":"2024-09-04T10:37:52","modified_gmt":"2024-09-04T07:37:52","slug":"koulu","status":"publish","type":"page","link":"https:\/\/www.harjula.fi\/cms\/koulu\/","title":{"rendered":"Koulunk\u00e4ynti"},"content":{"rendered":"<p style=\"text-align: justify;\"><span style=\"color: #000000;\">Lasten koulunk\u00e4ynti\u00e4 tuetaan Harjulasta vahvasti ja koulujen kanssa on tiivis yhteisty\u00f6. Lapset k\u00e4yv\u00e4t koulua joko Harjulan pihapiiriss\u00e4 toimivassa Kauhajoen kaupungin erityisopetuksen ryhm\u00e4ss\u00e4 tai muissa l\u00e4hialueen kouluissa, lapsen tarpeiden mukaisissa opetusryhmiss\u00e4. Toisen asteen oppilaitoksissa on valinnan varaa ja yhteydet ovat hyv\u00e4t sek\u00e4 Kauhajoelle (Lukio ja Vuoksi) ett\u00e4 Kurikkaan (Kampus). Lapset saavat koulukuljetuksen sivistystoimen j\u00e4rjest\u00e4m\u00e4n\u00e4. Linja-autopys\u00e4kki on Harjulan tienp\u00e4\u00e4ss\u00e4.<\/p>\n<p>Harjulan pihapiiriss\u00e4 toimivassa koulussa on mahdollista opiskella ala- ja yl\u00e4koulun luokilla. Koulusta k\u00e4yd\u00e4\u00e4n integraatiotunneilla suuremmissa ryhmiss\u00e4 oppilaan kykyjen mukaisesti. Koulu k\u00e4ytt\u00e4\u00e4 el\u00e4inavusteisuutta toiminnassaan. Opettajana toimii Jaana Heinola ja h\u00e4nen lis\u00e4kseen koulussa ty\u00f6skentelee henkil\u00f6kohtaisia koulunk\u00e4yntiohjaajia.<br \/>\n<\/span><\/p>\n<p><img loading=\"lazy\" decoding=\"async\" class=\"aligncenter wp-image-120 size-full\" src=\"http:\/\/www.harjula.fi\/cms\/wp-content\/uploads\/2017\/01\/koulurakennus.jpg\" alt=\"\" width=\"1000\" height=\"750\" srcset=\"https:\/\/www.harjula.fi\/cms\/wp-content\/uploads\/2017\/01\/koulurakennus.jpg 1000w, https:\/\/www.harjula.fi\/cms\/wp-content\/uploads\/2017\/01\/koulurakennus-300x225.jpg 300w, https:\/\/www.harjula.fi\/cms\/wp-content\/uploads\/2017\/01\/koulurakennus-768x576.jpg 768w, https:\/\/www.harjula.fi\/cms\/wp-content\/uploads\/2017\/01\/koulurakennus-100x75.jpg 100w, https:\/\/www.harjula.fi\/cms\/wp-content\/uploads\/2017\/01\/koulurakennus-150x113.jpg 150w, https:\/\/www.harjula.fi\/cms\/wp-content\/uploads\/2017\/01\/koulurakennus-200x150.jpg 200w, https:\/\/www.harjula.fi\/cms\/wp-content\/uploads\/2017\/01\/koulurakennus-450x338.jpg 450w, https:\/\/www.harjula.fi\/cms\/wp-content\/uploads\/2017\/01\/koulurakennus-600x450.jpg 600w, https:\/\/www.harjula.fi\/cms\/wp-content\/uploads\/2017\/01\/koulurakennus-900x675.jpg 900w\" sizes=\"auto, (max-width: 709px) 85vw, (max-width: 909px) 67vw, (max-width: 1362px) 62vw, 840px\" \/><\/p>\n","protected":false},"excerpt":{"rendered":"<p>Lasten koulunk\u00e4ynti\u00e4 tuetaan Harjulasta vahvasti ja koulujen kanssa on tiivis yhteisty\u00f6. Lapset k\u00e4yv\u00e4t koulua joko Harjulan pihapiiriss\u00e4 toimivassa Kauhajoen kaupungin erityisopetuksen ryhm\u00e4ss\u00e4 tai muissa l\u00e4hialueen kouluissa, lapsen tarpeiden mukaisissa opetusryhmiss\u00e4. Toisen asteen oppilaitoksissa on valinnan varaa ja yhteydet ovat hyv\u00e4t sek\u00e4 Kauhajoelle (Lukio ja Vuoksi) ett\u00e4 Kurikkaan (Kampus). Lapset saavat koulukuljetuksen sivistystoimen j\u00e4rjest\u00e4m\u00e4n\u00e4. Linja-autopys\u00e4kki on &hellip; <a href=\"https:\/\/www.harjula.fi\/cms\/koulu\/\" class=\"more-link\">Jatka lukemista<span class=\"screen-reader-text\"> &#8221;Koulunk\u00e4ynti&#8221;<\/span><\/a><\/p>\n","protected":false},"author":1,"featured_media":0,"parent":0,"menu_order":0,"comment_status":"closed","ping_status":"closed","template":"","meta":{"footnotes":""},"class_list":["post-12","page","type-page","status-publish","hentry"],"_links":{"self":[{"href":"https:\/\/www.harjula.fi\/cms\/wp-json\/wp\/v2\/pages\/12","targetHints":{"allow":["GET"]}}],"collection":[{"href":"https:\/\/www.harjula.fi\/cms\/wp-json\/wp\/v2\/pages"}],"about":[{"href":"https:\/\/www.harjula.fi\/cms\/wp-json\/wp\/v2\/types\/page"}],"author":[{"embeddable":true,"href":"https:\/\/www.harjula.fi\/cms\/wp-json\/wp\/v2\/users\/1"}],"replies":[{"embeddable":true,"href":"https:\/\/www.harjula.fi\/cms\/wp-json\/wp\/v2\/comments?post=12"}],"version-history":[{"count":20,"href":"https:\/\/www.harjula.fi\/cms\/wp-json\/wp\/v2\/pages\/12\/revisions"}],"predecessor-version":[{"id":764,"href":"https:\/\/www.harjula.fi\/cms\/wp-json\/wp\/v2\/pages\/12\/revisions\/764"}],"wp:attachment":[{"href":"https:\/\/www.harjula.fi\/cms\/wp-json\/wp\/v2\/media?parent=12"}],"curies":[{"name":"wp","href":"https:\/\/api.w.org\/{rel}","templated":true}]}}