{"id":5,"date":"2016-06-15T08:28:58","date_gmt":"2016-06-15T05:28:58","guid":{"rendered":"http:\/\/harjula.web38.neutech.fi\/cms\/?page_id=5"},"modified":"2023-01-20T08:34:23","modified_gmt":"2023-01-20T06:34:23","slug":"etusivu","status":"publish","type":"page","link":"https:\/\/www.harjula.fi\/cms\/","title":{"rendered":"Perhekeskus Harjula"},"content":{"rendered":"<p style=\"text-align: justify;\"><span style=\"color: #000000;\">Perhekeskus Harjula on vuonna 2000 perustettu, paikallinen, yksityinen lastensuojelulaitos Kauhajoen Harjankyl\u00e4ss\u00e4. Tarjoamme ymp\u00e4rivuorokautista hoitoa ja kasvatusta lastensuojelun sijaishuollon tarpeessa oleville lapsille ja nuorille. Sis\u00e4\u00e4ntuloik\u00e4 Harjulaan on p\u00e4\u00e4s\u00e4\u00e4nt\u00f6isesti alle 12-vuotta.<\/span><\/p>\r\n<p style=\"text-align: justify;\"><span style=\"color: #000000;\">Lis\u00e4tietoja toiminnastamme, arvoistamme ja henkil\u00f6kunnasta l\u00f6yd\u00e4t v\u00e4lilehdilt\u00e4. Koulu v\u00e4lilehdelt\u00e4 l\u00f6yd\u00e4t tietoa miten Harjulasta on j\u00e4rjestetty lasten koulupalvelut.<\/span><\/p>\r\n<p style=\"padding-left: 40px;\">\u00a0<\/p>\r\n\r\n<figure class=\"wp-block-embed-youtube wp-block-embed is-type-video is-provider-youtube wp-embed-aspect-16-9 wp-has-aspect-ratio\">\r\n<div class=\"wp-block-embed__wrapper\">\r\n<p><iframe loading=\"lazy\" title=\"Perhekeskus Harjula\" width=\"840\" height=\"473\" src=\"https:\/\/www.youtube.com\/embed\/uKHXYg9on6I?feature=oembed\" frameborder=\"0\" allow=\"accelerometer; autoplay; clipboard-write; encrypted-media; gyroscope; picture-in-picture; web-share\" allowfullscreen><\/iframe><\/p>\r\n<\/div>\r\n<\/figure>\r\n","protected":false},"excerpt":{"rendered":"<p>Perhekeskus Harjula on vuonna 2000 perustettu, paikallinen, yksityinen lastensuojelulaitos Kauhajoen Harjankyl\u00e4ss\u00e4. Tarjoamme ymp\u00e4rivuorokautista hoitoa ja kasvatusta lastensuojelun sijaishuollon tarpeessa oleville lapsille ja nuorille. Sis\u00e4\u00e4ntuloik\u00e4 Harjulaan on p\u00e4\u00e4s\u00e4\u00e4nt\u00f6isesti alle 12-vuotta. Lis\u00e4tietoja toiminnastamme, arvoistamme ja henkil\u00f6kunnasta l\u00f6yd\u00e4t v\u00e4lilehdilt\u00e4. Koulu v\u00e4lilehdelt\u00e4 l\u00f6yd\u00e4t tietoa miten Harjulasta on j\u00e4rjestetty lasten koulupalvelut. \u00a0<\/p>\n","protected":false},"author":1,"featured_media":0,"parent":0,"menu_order":0,"comment_status":"closed","ping_status":"closed","template":"","meta":{"footnotes":""},"class_list":["post-5","page","type-page","status-publish","hentry"],"_links":{"self":[{"href":"https:\/\/www.harjula.fi\/cms\/wp-json\/wp\/v2\/pages\/5","targetHints":{"allow":["GET"]}}],"collection":[{"href":"https:\/\/www.harjula.fi\/cms\/wp-json\/wp\/v2\/pages"}],"about":[{"href":"https:\/\/www.harjula.fi\/cms\/wp-json\/wp\/v2\/types\/page"}],"author":[{"embeddable":true,"href":"https:\/\/www.harjula.fi\/cms\/wp-json\/wp\/v2\/users\/1"}],"replies":[{"embeddable":true,"href":"https:\/\/www.harjula.fi\/cms\/wp-json\/wp\/v2\/comments?post=5"}],"version-history":[{"count":59,"href":"https:\/\/www.harjula.fi\/cms\/wp-json\/wp\/v2\/pages\/5\/revisions"}],"predecessor-version":[{"id":696,"href":"https:\/\/www.harjula.fi\/cms\/wp-json\/wp\/v2\/pages\/5\/revisions\/696"}],"wp:attachment":[{"href":"https:\/\/www.harjula.fi\/cms\/wp-json\/wp\/v2\/media?parent=5"}],"curies":[{"name":"wp","href":"https:\/\/api.w.org\/{rel}","templated":true}]}}