{"id":699,"date":"2023-01-20T09:26:24","date_gmt":"2023-01-20T07:26:24","guid":{"rendered":"http:\/\/www.harjula.fi\/cms\/?page_id=699"},"modified":"2023-01-20T10:51:05","modified_gmt":"2023-01-20T08:51:05","slug":"omaohjaajatyo","status":"publish","type":"page","link":"https:\/\/www.harjula.fi\/cms\/omaohjaajatyo\/","title":{"rendered":"Omaohjaajaty\u00f6"},"content":{"rendered":"<p>Omaohjaajaty\u00f6skentely perustuu Harjulan toiminta-ajatukseen ja arvoihin. Lapsen saapuessa Harjulaan h\u00e4nelle nimet\u00e4\u00e4n kaksi omaohjaajaa.<\/p>\n<p>Omaohjaajaty\u00f6skentely nuoren kanssa on asiakasl\u00e4ht\u00f6ist\u00e4 ja suunnitelmallista. K\u00e4yt\u00f6ss\u00e4 on menetelm\u00e4llinen ty\u00f6skentelytapa, jota toteutetaan yhteisill\u00e4 omaohjaajap\u00e4ivill\u00e4\/tunneilla\/hetkill\u00e4.<\/p>\n<p><img loading=\"lazy\" decoding=\"async\" class=\"size-medium wp-image-702 alignleft\" src=\"http:\/\/www.harjula.fi\/cms\/wp-content\/uploads\/2023\/01\/IMG-20221205-WA0002-225x300.jpg\" alt=\"\" width=\"225\" height=\"300\" srcset=\"https:\/\/www.harjula.fi\/cms\/wp-content\/uploads\/2023\/01\/IMG-20221205-WA0002-225x300.jpg 225w, https:\/\/www.harjula.fi\/cms\/wp-content\/uploads\/2023\/01\/IMG-20221205-WA0002-768x1024.jpg 768w, https:\/\/www.harjula.fi\/cms\/wp-content\/uploads\/2023\/01\/IMG-20221205-WA0002-1152x1536.jpg 1152w, https:\/\/www.harjula.fi\/cms\/wp-content\/uploads\/2023\/01\/IMG-20221205-WA0002.jpg 1200w\" sizes=\"auto, (max-width: 225px) 85vw, 225px\" \/>Omaohjaajahetkiss\u00e4 hy\u00f6dynn\u00e4mme mm. l\u00e4hiluontoa ja menetelm\u00e4n\u00e4 t\u00e4ll\u00e4 kertaa vahvuuskortit.<\/p>\n<p>Koko henkil\u00f6kunta on suorittanut 5 opintopisteen omaohjaajakoulutuksen ajalla 24.5-2.12.2022.<br \/>\nKoulutuksen sis\u00e4ll\u00f6st\u00e4 voi kysy\u00e4 Harjulasta.<br \/>\nKouluttajana toimi ty\u00f6nohjaaja Mira J\u00e4\u00e4skel\u00e4inen, SOSPED,STOry (<a href=\"http:\/\/www.miraclemembers.fi\" target=\"_blank\" rel=\"noopener\">www.miraclemembers.fi<\/a>)<\/p>\n","protected":false},"excerpt":{"rendered":"<p>Omaohjaajaty\u00f6skentely perustuu Harjulan toiminta-ajatukseen ja arvoihin. Lapsen saapuessa Harjulaan h\u00e4nelle nimet\u00e4\u00e4n kaksi omaohjaajaa. Omaohjaajaty\u00f6skentely nuoren kanssa on asiakasl\u00e4ht\u00f6ist\u00e4 ja suunnitelmallista. K\u00e4yt\u00f6ss\u00e4 on menetelm\u00e4llinen ty\u00f6skentelytapa, jota toteutetaan yhteisill\u00e4 omaohjaajap\u00e4ivill\u00e4\/tunneilla\/hetkill\u00e4. Omaohjaajahetkiss\u00e4 hy\u00f6dynn\u00e4mme mm. l\u00e4hiluontoa ja menetelm\u00e4n\u00e4 t\u00e4ll\u00e4 kertaa vahvuuskortit. Koko henkil\u00f6kunta on suorittanut 5 opintopisteen omaohjaajakoulutuksen ajalla 24.5-2.12.2022. Koulutuksen sis\u00e4ll\u00f6st\u00e4 voi kysy\u00e4 Harjulasta. Kouluttajana toimi ty\u00f6nohjaaja Mira &hellip; <a href=\"https:\/\/www.harjula.fi\/cms\/omaohjaajatyo\/\" class=\"more-link\">Jatka lukemista<span class=\"screen-reader-text\"> &#8221;Omaohjaajaty\u00f6&#8221;<\/span><\/a><\/p>\n","protected":false},"author":1,"featured_media":0,"parent":0,"menu_order":0,"comment_status":"closed","ping_status":"closed","template":"","meta":{"footnotes":""},"class_list":["post-699","page","type-page","status-publish","hentry"],"_links":{"self":[{"href":"https:\/\/www.harjula.fi\/cms\/wp-json\/wp\/v2\/pages\/699","targetHints":{"allow":["GET"]}}],"collection":[{"href":"https:\/\/www.harjula.fi\/cms\/wp-json\/wp\/v2\/pages"}],"about":[{"href":"https:\/\/www.harjula.fi\/cms\/wp-json\/wp\/v2\/types\/page"}],"author":[{"embeddable":true,"href":"https:\/\/www.harjula.fi\/cms\/wp-json\/wp\/v2\/users\/1"}],"replies":[{"embeddable":true,"href":"https:\/\/www.harjula.fi\/cms\/wp-json\/wp\/v2\/comments?post=699"}],"version-history":[{"count":12,"href":"https:\/\/www.harjula.fi\/cms\/wp-json\/wp\/v2\/pages\/699\/revisions"}],"predecessor-version":[{"id":728,"href":"https:\/\/www.harjula.fi\/cms\/wp-json\/wp\/v2\/pages\/699\/revisions\/728"}],"wp:attachment":[{"href":"https:\/\/www.harjula.fi\/cms\/wp-json\/wp\/v2\/media?parent=699"}],"curies":[{"name":"wp","href":"https:\/\/api.w.org\/{rel}","templated":true}]}}